{"id":10,"date":"2019-08-15T09:29:29","date_gmt":"2019-08-15T09:29:29","guid":{"rendered":"http:\/\/www.tutornaasap.pl\/?page_id=10"},"modified":"2019-09-15T19:42:06","modified_gmt":"2019-09-15T19:42:06","slug":"zapisz-sie-na-kurs","status":"publish","type":"page","link":"https:\/\/tutornaasap.edu.pl\/en\/zapisz-sie-na-kurs\/","title":{"rendered":"Enroll in a course"},"content":{"rendered":"<div class=\"wpcf7 no-js\" id=\"wpcf7-f194-o1\" lang=\"pl-PL\" dir=\"ltr\">\n<div class=\"screen-reader-response\"><p role=\"status\" aria-live=\"polite\" aria-atomic=\"true\"><\/p> <ul><\/ul><\/div>\n<form action=\"\/en\/wp-json\/wp\/v2\/pages\/10#wpcf7-f194-o1\" method=\"post\" class=\"wpcf7-form init\" aria-label=\"Formularz kontaktowy\" novalidate=\"novalidate\" data-status=\"init\" data-trp-original-action=\"\/en\/wp-json\/wp\/v2\/pages\/10#wpcf7-f194-o1\">\n<div style=\"display: none;\">\n<input type=\"hidden\" name=\"_wpcf7\" value=\"194\" \/>\n<input type=\"hidden\" name=\"_wpcf7_version\" value=\"5.7.6\" \/>\n<input type=\"hidden\" name=\"_wpcf7_locale\" value=\"pl_PL\" \/>\n<input type=\"hidden\" name=\"_wpcf7_unit_tag\" value=\"wpcf7-f194-o1\" \/>\n<input type=\"hidden\" name=\"_wpcf7_container_post\" value=\"0\" \/>\n<input type=\"hidden\" name=\"_wpcf7_posted_data_hash\" value=\"\" \/>\n<\/div>\n<div class=\"container\">\n\n<div class=\"form_col_name\">\n        <label> <span class=\"form_col_name_desc\">Name <\/span>\n            <span class=\"wpcf7-form-control-wrap\" data-name=\"your-name\"><input size=\"40\" class=\"wpcf7-form-control wpcf7-text wpcf7-validates-as-required\" aria-required=\"true\" aria-invalid=\"false\" value=\"\" type=\"text\" name=\"your-name\" \/><\/span> <\/label>\n\n        <label> <span class=\"form_col_name_desc\">Name<\/span>\n            <span class=\"wpcf7-form-control-wrap\" data-name=\"your-surname\"><input size=\"40\" class=\"wpcf7-form-control wpcf7-text wpcf7-validates-as-required\" aria-required=\"true\" aria-invalid=\"false\" value=\"\" type=\"text\" name=\"your-surname\" \/><\/span> <\/label>\n<\/div>\n        \n<div class=\"form_col_name\">\n        <label> <span class=\"form_col_name_desc\">E-mail adress<\/span> \n            <span class=\"wpcf7-form-control-wrap\" data-name=\"your-email\"><input size=\"40\" class=\"wpcf7-form-control wpcf7-text wpcf7-email wpcf7-validates-as-required wpcf7-validates-as-email\" aria-required=\"true\" aria-invalid=\"false\" value=\"\" type=\"email\" name=\"your-email\" \/><\/span> <\/label>\n\n        <label> <span class=\"form_col_name_desc\">Phone number<\/span> \n            <span class=\"wpcf7-form-control-wrap\" data-name=\"your-telephone\"><input class=\"wpcf7-form-control wpcf7-number wpcf7-validates-as-required wpcf7-validates-as-number\" aria-required=\"true\" aria-invalid=\"false\" value=\"\" type=\"number\" name=\"your-telephone\" \/><\/span> <\/label>\n<\/div>\n\n     <div class=\"form_col_name_select\">\n\n        <label> <span class=\"form_col_name_desc\">Preferred course<\/span>\n            <span class=\"wpcf7-form-control-wrap\" data-name=\"your-course\"><select class=\"wpcf7-form-control wpcf7-select your-course\" aria-invalid=\"false\" name=\"your-course\"><option value=\"GENERAL\">GENERAL<\/option><option value=\"BUSINESS\">BUSINESS<\/option><option value=\"MIX\">MIX<\/option><option value=\"CONVERSATIONAL\">CONVERSATIONAL<\/option><\/select><\/span> <\/label>\n\n        <label> <span class=\"form_col_name_desc\">Course type<\/span>\n            <span class=\"wpcf7-form-control-wrap\" data-name=\"your-type-course\"><select class=\"wpcf7-form-control wpcf7-select your-type-course\" aria-invalid=\"false\" name=\"your-type-course\"><option value=\"Indywidualny\">Individual<\/option><option value=\"Grupowy: 2os\">Group: 2 persons<\/option><option value=\"Grupowy: 3-4os\">Group: 3-4 people<\/option><option value=\"Grupowy: 5-6os\">Group: 5-6 people<\/option><\/select><\/span> <\/label>\n     <\/div> \n\n      <div class=\"form_col_name\">\n        <label> <span class=\"form_col_name_desc\">Course duration<\/span>\n            <span class=\"wpcf7-form-control-wrap\" data-name=\"your-session-course\"><select class=\"wpcf7-form-control wpcf7-select your-session-course\" aria-invalid=\"false\" name=\"your-session-course\"><option value=\"8 sesji\">8 sessions<\/option><option value=\"24 sesje\">24 sessions<\/option><option value=\"48 sesji\">48 sessions<\/option><\/select><\/span> <\/label>\n\n       <label> <span class=\"form_col_name_desc\">Number of sessions per week<\/span>\n            <span class=\"wpcf7-form-control-wrap\" data-name=\"your-week-session\"><select class=\"wpcf7-form-control wpcf7-select your-week-session\" aria-invalid=\"false\" name=\"your-week-session\"><option value=\"1\">1<\/option><option value=\"2\">2<\/option><option value=\"3\">3<\/option><\/select><\/span> <\/label>\n    <\/div>\n\n    <div class=\"form_col_name_select\">\n        <label> <span class=\"form_col_name_desc\">Duration of a single session<\/span>\n            <span class=\"wpcf7-form-control-wrap\" data-name=\"your-time-course\"><select class=\"wpcf7-form-control wpcf7-select\" aria-invalid=\"false\" name=\"your-time-course\"><option value=\"60min\">60min<\/option><option value=\"90min\">90min<\/option><option value=\"120min\">120min<\/option><\/select><\/span> <\/label>\n    <\/div> \n\n     <div class=\"form_col_name\">\n        <label> <span class=\"form_col_name_desc\">Preferred course start date<\/span> \n            <span class=\"wpcf7-form-control-wrap\" data-name=\"class:data-course\"><input class=\"wpcf7-form-control wpcf7-date wpcf7-validates-as-date\" min=\"2026-04-18\" step=\"1\" aria-invalid=\"false\" value=\"2020-01-01\" type=\"date\" name=\"class:data-course\" \/><\/span> <\/label>\n\n         <label> <span class=\"form_col_name_desc\">Location of activities <\/span>\n            <span class=\"wpcf7-form-control-wrap\" data-name=\"your-localisation\"><input size=\"40\" class=\"wpcf7-form-control wpcf7-text wpcf7-validates-as-required\" aria-required=\"true\" aria-invalid=\"false\" value=\"\" type=\"text\" name=\"your-localisation\" \/><\/span> <\/label>\n     <\/div>\n\n    \n\n     <div class=\"form_col_name_select\">\n        <label> <span class=\"form_col_name_desc\">Payment method<\/span>\n            <span class=\"wpcf7-form-control-wrap\" data-name=\"pay-form\"><select class=\"wpcf7-form-control wpcf7-select pay-form\" aria-invalid=\"false\" name=\"pay-form\"><option value=\"Jednorazowa\">Disposable<\/option><option value=\"Ratalna\">Installment<\/option><\/select><\/span> <\/label>\n     <\/div>\n\n     <div class=\"form_col_name\">\n        <label> <span class=\"form_col_name_desc\">Address and place of residence or data to FV <\/span>\n            <span class=\"wpcf7-form-control-wrap\" data-name=\"your-other-data\"><textarea cols=\"40\" rows=\"10\" class=\"wpcf7-form-control wpcf7-textarea wpcf7-validates-as-required\" aria-required=\"true\" aria-invalid=\"false\" name=\"your-other-data\"><\/textarea><\/span> <\/label>\n     <\/div>\n\n\n    <div class=\"form_col_name\">\n        [wpgdprc \"Administratorem Pa\u0144stwa danych osobowych przesy\u0142anych za po\u015brednictwem strony internetowej jest TUTORnaASAP Sp. z o.o. z siedzib\u0105 w Warszawie. Wi\u0119cej informacji o zasadach przetwarzania danych osobowych znajdziecie Pa\u0144stwo w naszej Polityce prywatno\u015bci\"]\n\n<input class=\"wpcf7-form-control has-spinner wpcf7-submit\" type=\"submit\" value=\"Send a contact request\" \/>\n    <\/div>\n\n<\/div><input type='hidden' class='wpcf7-pum' value='{\"closepopup\":false,\"closedelay\":0,\"openpopup\":false,\"openpopup_id\":0}' \/><div class=\"wpcf7-response-output\" aria-hidden=\"true\"><\/div>\n<input type=\"hidden\" name=\"trp-form-language\" value=\"en\"\/><\/form>\n<\/div>","protected":false},"excerpt":{"rendered":"","protected":false},"author":4,"featured_media":0,"parent":0,"menu_order":0,"comment_status":"closed","ping_status":"closed","template":"course.php","meta":{"_acf_changed":false,"footnotes":""},"class_list":["post-10","page","type-page","status-publish","hentry"],"acf":[],"yoast_head":"<!-- This site is optimized with the Yoast SEO plugin v20.6 - https:\/\/yoast.com\/wordpress\/plugins\/seo\/ -->\n<title>Zapisz si\u0119 na kurs - TUTORnaASAP | Angielski Biznesowy Warszawa<\/title>\n<meta name=\"robots\" content=\"noindex, follow\" \/>\n<meta property=\"og:locale\" content=\"en_US\" \/>\n<meta property=\"og:type\" content=\"article\" \/>\n<meta property=\"og:title\" content=\"Zapisz si\u0119 na kurs - TUTORnaASAP | Angielski Biznesowy Warszawa\" \/>\n<meta property=\"og:url\" content=\"https:\/\/tutornaasap.edu.pl\/en\/zapisz-sie-na-kurs\/\" \/>\n<meta property=\"og:site_name\" content=\"TUTORnaASAP | Angielski Biznesowy Warszawa\" \/>\n<meta property=\"article:modified_time\" content=\"2019-09-15T19:42:06+00:00\" \/>\n<meta name=\"twitter:card\" content=\"summary_large_image\" \/>\n<script type=\"application\/ld+json\" class=\"yoast-schema-graph\">{\"@context\":\"https:\/\/schema.org\",\"@graph\":[{\"@type\":\"WebPage\",\"@id\":\"https:\/\/tutornaasap.edu.pl\/zapisz-sie-na-kurs\/\",\"url\":\"https:\/\/tutornaasap.edu.pl\/zapisz-sie-na-kurs\/\",\"name\":\"Zapisz si\u0119 na kurs - TUTORnaASAP | Angielski Biznesowy Warszawa\",\"isPartOf\":{\"@id\":\"https:\/\/tutornaasap.edu.pl\/#website\"},\"datePublished\":\"2019-08-15T09:29:29+00:00\",\"dateModified\":\"2019-09-15T19:42:06+00:00\",\"breadcrumb\":{\"@id\":\"https:\/\/tutornaasap.edu.pl\/zapisz-sie-na-kurs\/#breadcrumb\"},\"inLanguage\":\"en-US\",\"potentialAction\":[{\"@type\":\"ReadAction\",\"target\":[\"https:\/\/tutornaasap.edu.pl\/zapisz-sie-na-kurs\/\"]}]},{\"@type\":\"BreadcrumbList\",\"@id\":\"https:\/\/tutornaasap.edu.pl\/zapisz-sie-na-kurs\/#breadcrumb\",\"itemListElement\":[{\"@type\":\"ListItem\",\"position\":1,\"name\":\"Strona g\u0142\u00f3wna\",\"item\":\"https:\/\/tutornaasap.edu.pl\/\"},{\"@type\":\"ListItem\",\"position\":2,\"name\":\"Zapisz si\u0119 na kurs\"}]},{\"@type\":\"WebSite\",\"@id\":\"https:\/\/tutornaasap.edu.pl\/#website\",\"url\":\"https:\/\/tutornaasap.edu.pl\/\",\"name\":\"TUTORnaASAP | Angielski Biznesowy Warszawa\",\"description\":\"Korepetycje Angielski Warszawa | TUTORnaASAP Sp. z o.o. | Mazowieckie\",\"publisher\":{\"@id\":\"https:\/\/tutornaasap.edu.pl\/#organization\"},\"potentialAction\":[{\"@type\":\"SearchAction\",\"target\":{\"@type\":\"EntryPoint\",\"urlTemplate\":\"https:\/\/tutornaasap.edu.pl\/?s={search_term_string}\"},\"query-input\":\"required name=search_term_string\"}],\"inLanguage\":\"en-US\"},{\"@type\":\"Organization\",\"@id\":\"https:\/\/tutornaasap.edu.pl\/#organization\",\"name\":\"TutorNaAsap sp. z o.o.\",\"url\":\"https:\/\/tutornaasap.edu.pl\/\",\"logo\":{\"@type\":\"ImageObject\",\"inLanguage\":\"en-US\",\"@id\":\"https:\/\/tutornaasap.edu.pl\/#\/schema\/logo\/image\/\",\"url\":\"https:\/\/tutornaasap.edu.pl\/wp-content\/uploads\/2019\/09\/favicon-tna.png\",\"contentUrl\":\"https:\/\/tutornaasap.edu.pl\/wp-content\/uploads\/2019\/09\/favicon-tna.png\",\"width\":512,\"height\":512,\"caption\":\"TutorNaAsap sp. z o.o.\"},\"image\":{\"@id\":\"https:\/\/tutornaasap.edu.pl\/#\/schema\/logo\/image\/\"}}]}<\/script>\n<!-- \/ Yoast SEO plugin. -->","yoast_head_json":{"title":"Zapisz si\u0119 na kurs - TUTORnaASAP | Angielski Biznesowy Warszawa","robots":{"index":"noindex","follow":"follow"},"og_locale":"en_US","og_type":"article","og_title":"Zapisz si\u0119 na kurs - TUTORnaASAP | Angielski Biznesowy Warszawa","og_url":"https:\/\/tutornaasap.edu.pl\/en\/zapisz-sie-na-kurs\/","og_site_name":"TUTORnaASAP | Angielski Biznesowy Warszawa","article_modified_time":"2019-09-15T19:42:06+00:00","twitter_card":"summary_large_image","schema":{"@context":"https:\/\/schema.org","@graph":[{"@type":"WebPage","@id":"https:\/\/tutornaasap.edu.pl\/zapisz-sie-na-kurs\/","url":"https:\/\/tutornaasap.edu.pl\/zapisz-sie-na-kurs\/","name":"Zapisz si\u0119 na kurs - TUTORnaASAP | Angielski Biznesowy Warszawa","isPartOf":{"@id":"https:\/\/tutornaasap.edu.pl\/#website"},"datePublished":"2019-08-15T09:29:29+00:00","dateModified":"2019-09-15T19:42:06+00:00","breadcrumb":{"@id":"https:\/\/tutornaasap.edu.pl\/zapisz-sie-na-kurs\/#breadcrumb"},"inLanguage":"en-US","potentialAction":[{"@type":"ReadAction","target":["https:\/\/tutornaasap.edu.pl\/zapisz-sie-na-kurs\/"]}]},{"@type":"BreadcrumbList","@id":"https:\/\/tutornaasap.edu.pl\/zapisz-sie-na-kurs\/#breadcrumb","itemListElement":[{"@type":"ListItem","position":1,"name":"Strona g\u0142\u00f3wna","item":"https:\/\/tutornaasap.edu.pl\/"},{"@type":"ListItem","position":2,"name":"Zapisz si\u0119 na kurs"}]},{"@type":"WebSite","@id":"https:\/\/tutornaasap.edu.pl\/#website","url":"https:\/\/tutornaasap.edu.pl\/","name":"TUTORnaASAP | Angielski Biznesowy Warszawa","description":"Korepetycje Angielski Warszawa | TUTORnaASAP Sp. z o.o. | Mazowieckie","publisher":{"@id":"https:\/\/tutornaasap.edu.pl\/#organization"},"potentialAction":[{"@type":"SearchAction","target":{"@type":"EntryPoint","urlTemplate":"https:\/\/tutornaasap.edu.pl\/?s={search_term_string}"},"query-input":"required name=search_term_string"}],"inLanguage":"en-US"},{"@type":"Organization","@id":"https:\/\/tutornaasap.edu.pl\/#organization","name":"TutorNaAsap sp. z o.o.","url":"https:\/\/tutornaasap.edu.pl\/","logo":{"@type":"ImageObject","inLanguage":"en-US","@id":"https:\/\/tutornaasap.edu.pl\/#\/schema\/logo\/image\/","url":"https:\/\/tutornaasap.edu.pl\/wp-content\/uploads\/2019\/09\/favicon-tna.png","contentUrl":"https:\/\/tutornaasap.edu.pl\/wp-content\/uploads\/2019\/09\/favicon-tna.png","width":512,"height":512,"caption":"TutorNaAsap sp. z o.o."},"image":{"@id":"https:\/\/tutornaasap.edu.pl\/#\/schema\/logo\/image\/"}}]}},"_links":{"self":[{"href":"https:\/\/tutornaasap.edu.pl\/en\/wp-json\/wp\/v2\/pages\/10","targetHints":{"allow":["GET"]}}],"collection":[{"href":"https:\/\/tutornaasap.edu.pl\/en\/wp-json\/wp\/v2\/pages"}],"about":[{"href":"https:\/\/tutornaasap.edu.pl\/en\/wp-json\/wp\/v2\/types\/page"}],"author":[{"embeddable":true,"href":"https:\/\/tutornaasap.edu.pl\/en\/wp-json\/wp\/v2\/users\/4"}],"replies":[{"embeddable":true,"href":"https:\/\/tutornaasap.edu.pl\/en\/wp-json\/wp\/v2\/comments?post=10"}],"version-history":[{"count":4,"href":"https:\/\/tutornaasap.edu.pl\/en\/wp-json\/wp\/v2\/pages\/10\/revisions"}],"predecessor-version":[{"id":267,"href":"https:\/\/tutornaasap.edu.pl\/en\/wp-json\/wp\/v2\/pages\/10\/revisions\/267"}],"wp:attachment":[{"href":"https:\/\/tutornaasap.edu.pl\/en\/wp-json\/wp\/v2\/media?parent=10"}],"curies":[{"name":"wp","href":"https:\/\/api.w.org\/{rel}","templated":true}]}}