{"id":284,"date":"2019-09-21T15:58:39","date_gmt":"2019-09-21T15:58:39","guid":{"rendered":"https:\/\/tutornaasap.edu.pl\/?page_id=284"},"modified":"2025-10-01T06:18:07","modified_gmt":"2025-10-01T06:18:07","slug":"cennik","status":"publish","type":"page","link":"https:\/\/tutornaasap.edu.pl\/en\/cennik\/","title":{"rendered":"Price list"},"content":{"rendered":"<pre class=\"wp-block-code\"><code>    &lt;header class=&quot;header_price&quot;&gt;\r\n      &lt;h1&gt;CENNIK - TUTORnaASAP2&lt;\/h1&gt;\r\n    &lt;\/header&gt;\r\n    &lt;main&gt;\r\n      &lt;section class=&quot;indyvidual_table&quot;&gt;\r\n        &lt;div class=&quot;container&quot;&gt;\r\n          &lt;div class=&quot;table-responsive-sm&quot;&gt;\r\n            &lt;table class=&quot;table table-hover table-striped table-secondary&quot;&gt;\r\n              &lt;caption&gt;\r\n                &lt;sup&gt;[1]&lt;\/sup&gt;Individual package\r\n              &lt;\/caption&gt;\r\n              &lt;thead&gt;\r\n                &lt;tr&gt;\r\n                  &lt;th scope=&quot;col&quot;&gt;&lt;sup&gt;[5]&lt;\/sup&gt;Package (number of sessions)&lt;\/th&gt;\r\n                  &lt;th scope=&quot;col&quot;&gt;Session Length&lt;\/th&gt;\r\n                  &lt;th scope=&quot;col&quot;&gt;unit price&lt;\/th&gt;\r\n                &lt;\/tr&gt;\r\n              &lt;\/thead&gt;\r\n              &lt;tbody&gt;\r\n                &lt;tr&gt;\r\n                    &lt;th scope=&quot;row&quot;&gt;MA\u0141Y - 24&lt;\/th&gt;\r\n  &lt;th scope=&quot;row&quot;&gt;DU\u017bY - 48&lt;\/th&gt;\r\n                  &lt;td&gt;&lt;sup&gt;[2]&lt;\/sup&gt;60min&lt;\/td&gt;\r\n                  &lt;td&gt;75pln&lt;\/td&gt;\r\n                &lt;\/tr&gt;\r\n                &lt;tr&gt;\r\n                  &lt;th scope=&quot;row&quot;&gt;&lt;\/th&gt;\r\n                  &lt;td&gt;90min&lt;\/td&gt;\r\n                  &lt;td&gt;115pln&lt;\/td&gt;\r\n                &lt;\/tr&gt;\r\n                &lt;tr&gt;\r\n                  &lt;th scope=&quot;row&quot;&gt;&lt;\/th&gt;\r\n                  &lt;td&gt;120min&lt;\/td&gt;\r\n                  &lt;td&gt;140pln&lt;\/td&gt;\r\n                &lt;\/tr&gt;\r\n                &lt;tr&gt;\r\n                  &lt;th scope=&quot;row&quot;&gt;&lt;\/th&gt;\r\n                  &lt;td&gt;&lt;sup&gt;[3]&lt;\/sup&gt;120min&lt;\/td&gt;\r\n                  &lt;td&gt;190pln&lt;\/td&gt;\r\n                &lt;\/tr&gt;\r\n              &lt;\/tbody&gt;\r\n            &lt;\/table&gt;\r\n          &lt;\/div&gt;\r\n        &lt;\/div&gt;\r\n      &lt;\/section&gt;\r\n\r\n      &lt;section class=&quot;group_table&quot;&gt;\r\n        &lt;div class=&quot;container&quot;&gt;\r\n          &lt;div class=&quot;table-responsive-sm&quot;&gt;\r\n            &lt;table class=&quot;table table-hover table-striped table-secondary&quot;&gt;\r\n              &lt;caption&gt;\r\n                &lt;sup&gt;[4]&lt;\/sup\r\n&gt;Group package\r\n              &lt;\/caption&gt;\r\n              &lt;thead&gt;\r\n                &lt;tr&gt;\r\n                  &lt;th scope=&quot;col&quot;&gt;Number of people in the group&lt;\/th&gt;\r\n                  &lt;th scope=&quot;col&quot;&gt;Package (number of sessions)&lt;\/th&gt;\r\n                  &lt;th scope=&quot;col&quot;&gt;Session Length&lt;\/th&gt;\r\n                  &lt;th scope=&quot;col&quot;&gt;&lt;sup&gt;[5]&lt;\/sup&gt;unit price&lt;\/th&gt;\r\n                &lt;\/tr&gt;\r\n              &lt;\/thead&gt;\r\n              &lt;tbody&gt;\r\n                &lt;tr&gt;\r\n                  &lt;th scope=&quot;row&quot;&gt;8; 24; 48&lt;\/th&gt;\r\n                  &lt;td&gt;2&lt;\/td&gt;\r\n                  &lt;td&gt;60min&lt;\/td&gt;\r\n                  &lt;td&gt;53pln&lt;\/td&gt;\r\n                &lt;\/tr&gt;\r\n                &lt;tr&gt;\r\n                  &lt;th scope=&quot;row&quot;&gt;&lt;\/th&gt;\r\n                  &lt;td&gt;&lt;\/td&gt;\r\n                  &lt;td&gt;90min&lt;\/td&gt;\r\n                  &lt;td&gt;80pln&lt;\/td&gt;\r\n                &lt;\/tr&gt;\r\n                &lt;tr&gt;\r\n                  &lt;th scope=&quot;row&quot;&gt;&lt;\/th&gt;\r\n                  &lt;td&gt;3\/4&lt;\/td&gt;\r\n                  &lt;td&gt;60min&lt;\/td&gt;\r\n                  &lt;td&gt;38pln&lt;\/td&gt;\r\n                &lt;\/tr&gt;\r\n                &lt;tr&gt;\r\n                  &lt;th scope=&quot;row&quot;&gt;&lt;\/th&gt;\r\n                  &lt;td&gt;&lt;\/td&gt;\r\n                  &lt;td&gt;90min&lt;\/td&gt;\r\n                  &lt;td&gt;59pln&lt;\/td&gt;\r\n                &lt;\/tr&gt;\r\n                &lt;tr&gt;\r\n                  &lt;th scope=&quot;row&quot;&gt;&lt;\/th&gt;\r\n                  &lt;td&gt;5\/6&lt;\/td&gt;\r\n                  &lt;td&gt;60min&lt;\/td&gt;\r\n                  &lt;td&gt;26pln&lt;\/td&gt;\r\n                &lt;\/tr&gt;\r\n                &lt;tr&gt;\r\n                  &lt;th scope=&quot;row&quot;&gt;&lt;\/th&gt;\r\n                  &lt;td&gt;&lt;\/td&gt;\r\n                  &lt;td&gt;90min&lt;\/td&gt;\r\n                  &lt;td&gt;40pln&lt;\/td&gt;\r\n                &lt;\/tr&gt;\r\n              &lt;\/tbody&gt;\r\n            &lt;\/table&gt;\r\n          &lt;\/div&gt;\r\n        &lt;\/div&gt;\r\n      &lt;\/section&gt;\r\n\r\n      &lt;section class=&quot;legend&quot;&gt;\r\n        &lt;div class=&quot;container&quot;&gt;\r\n          &lt;div class=&quot;row&quot;&gt;\r\n            &lt;h3&gt;Legend:&lt;\/h3&gt;\r\n          &lt;\/div&gt;\r\n          &lt;div class=&quot;row&quot;&gt;\r\n            &lt;div class=&quot;col-md-12&quot;&gt;\r\n              &lt;ul&gt;\r\n                &lt;li&gt;\r\n                  [1] Zaj\u0119cia realizowane TYLKO w miejscu wskazanym przez\r\n                  klienta.\r\n                &lt;\/li&gt;\r\n                &lt;li&gt;\r\n                  [2] Dojazd do klienta na terenie Warszawy do 3.5km: ZA DARMO \/\r\n                  powy\u017cej 4km: + 8pln\r\n                &lt;\/li&gt;\r\n                &lt;li&gt;[3] Zaj\u0119cia realizowane TYLKO na ul. Wsp&oacute;lna 63B\/2&lt;\/li&gt;\r\n                &lt;li&gt;\r\n                  [4] Zaj\u0119cia realizowane w miejscu wskazanym przez klienta lub\r\n                  na ul. Wsp&oacute;lna 63B\/2\r\n                &lt;\/li&gt;\r\n                &lt;li&gt;[5] Cena jednostkowa per 1 uczestnik.&lt;\/li&gt;\r\n              &lt;\/ul&gt;\r\n              &lt;hr \/&gt;\r\n            &lt;\/div&gt;\r\n          &lt;\/div&gt;\r\n\r\n          &lt;div class=&quot;row&quot;&gt;\r\n            &lt;div class=&quot;col-md-12&quot;&gt;\r\n              &lt;ul&gt;\r\n                &lt;li&gt;\r\n                  1. Realizacja zaj\u0119\u0107 z oferty &bdquo;PAKIET INDYWIDUALNY&rdquo; i &bdquo;PAKIET\r\n                  GRUPOWY&rdquo; odbywa si\u0119 stacjonarnie u klienta\/ w szkole j\u0119zykowej\r\n                  oraz zdalnie on-line.\r\n                &lt;\/li&gt;\r\n                &lt;li&gt;\r\n                  2. Po realizacji 24 sesji, uczestnikom przys\u0142uguje 10% rabatu\r\n                  od bazowej ceny jednostkowej na dalsze us\u0142ugi.\r\n                &lt;\/li&gt;\r\n                &lt;li&gt;\r\n                  3A. Dla &bdquo;PAKIET INDYWIDUALNY&rdquo;: dojazd do klienta na terenie\r\n                  Warszawy do 6km: ZA DARMO \/ powy\u017cej 6km: + 5pln \/ powy\u017cej\r\n                  10km: + 8pln\r\n                &lt;\/li&gt;\r\n                &lt;li&gt;\r\n                  3B. Dla &bdquo;PAKIET GRUPOWY&rdquo;: dojazd do klienta na terenie\r\n                  Warszawy do 10km: ZA DARMO \/ powy\u017cej 10km: + 5pln\r\n                &lt;\/li&gt;\r\n                &lt;li&gt;4. Cennik netto \/ Edukacja = 0% VAT&lt;\/li&gt;\r\n              &lt;\/ul&gt;\r\n              &lt;p&gt;\r\n                &lt;strong&gt;\r\n                  ***Cennik jest dedykowany dla os&oacute;b fizycznych. Je\u017celi jeste\u015b\r\n                  zainteresowany kursem firmowym lub specjalistycznym skontaktuj\r\n                  si\u0119 z nami na adres\r\n                  &lt;a href=&quot;mailto:biuro@tutornaasap.edu.pl&quot;\r\n                    &gt;biuro@tutornaasap.edu.pl&lt;\/a\r\n&gt;\r\n                  lub telefon 730577568, a my przygotujemy indywidualn\u0105\r\n                  wycen\u0119&lt;\/strong\r\n&gt;\r\n              &lt;\/p&gt;\r\n            &lt;\/div&gt;\r\n          &lt;\/div&gt;\r\n        &lt;\/div&gt;\r\n      &lt;\/section&gt;\r\n    &lt;\/main&gt;<\/code><\/pre>","protected":false},"excerpt":{"rendered":"","protected":false},"author":4,"featured_media":0,"parent":0,"menu_order":0,"comment_status":"closed","ping_status":"closed","template":"price.php","meta":{"_acf_changed":false,"footnotes":""},"class_list":["post-284","page","type-page","status-publish","hentry"],"acf":[],"yoast_head":"<!-- This site is optimized with the Yoast SEO plugin v20.6 - https:\/\/yoast.com\/wordpress\/plugins\/seo\/ -->\n<title>Cennik - Kursy Business English ju\u017c od 26z\u0142\/h! | TutorNaAsap<\/title>\n<meta name=\"description\" content=\"Sprawd\u017a cennik kurs\u00f3w Business English w szkole j\u0119zykowej TutorNaAsap! Cennik zawiera informacj\u0119 o kursach indywidualnych i biznesowych.\" \/>\n<meta name=\"robots\" content=\"index, follow, max-snippet:-1, max-image-preview:large, max-video-preview:-1\" \/>\n<link rel=\"canonical\" href=\"https:\/\/tutornaasap.edu.pl\/en\/cennik\/\" \/>\n<meta property=\"og:locale\" content=\"en_US\" \/>\n<meta property=\"og:type\" content=\"article\" \/>\n<meta property=\"og:title\" content=\"Cennik - Kursy Business English ju\u017c od 26z\u0142\/h! | TutorNaAsap\" \/>\n<meta property=\"og:description\" content=\"Sprawd\u017a cennik kurs\u00f3w Business English w szkole j\u0119zykowej TutorNaAsap! Cennik zawiera informacj\u0119 o kursach indywidualnych i biznesowych.\" \/>\n<meta property=\"og:url\" content=\"https:\/\/tutornaasap.edu.pl\/en\/cennik\/\" \/>\n<meta property=\"og:site_name\" content=\"TUTORnaASAP | Angielski Biznesowy Warszawa\" \/>\n<meta property=\"article:modified_time\" content=\"2025-10-01T06:18:07+00:00\" \/>\n<meta name=\"twitter:card\" content=\"summary_large_image\" \/>\n<meta name=\"twitter:label1\" content=\"Est. reading time\" \/>\n\t<meta name=\"twitter:data1\" content=\"3 minutes\" \/>\n<script type=\"application\/ld+json\" class=\"yoast-schema-graph\">{\"@context\":\"https:\/\/schema.org\",\"@graph\":[{\"@type\":\"WebPage\",\"@id\":\"https:\/\/tutornaasap.edu.pl\/cennik\/\",\"url\":\"https:\/\/tutornaasap.edu.pl\/cennik\/\",\"name\":\"Cennik - Kursy Business English ju\u017c od 26z\u0142\/h! | TutorNaAsap\",\"isPartOf\":{\"@id\":\"https:\/\/tutornaasap.edu.pl\/#website\"},\"datePublished\":\"2019-09-21T15:58:39+00:00\",\"dateModified\":\"2025-10-01T06:18:07+00:00\",\"description\":\"Sprawd\u017a cennik kurs\u00f3w Business English w szkole j\u0119zykowej TutorNaAsap! Cennik zawiera informacj\u0119 o kursach indywidualnych i biznesowych.\",\"breadcrumb\":{\"@id\":\"https:\/\/tutornaasap.edu.pl\/cennik\/#breadcrumb\"},\"inLanguage\":\"en-US\",\"potentialAction\":[{\"@type\":\"ReadAction\",\"target\":[\"https:\/\/tutornaasap.edu.pl\/cennik\/\"]}]},{\"@type\":\"BreadcrumbList\",\"@id\":\"https:\/\/tutornaasap.edu.pl\/cennik\/#breadcrumb\",\"itemListElement\":[{\"@type\":\"ListItem\",\"position\":1,\"name\":\"Strona g\u0142\u00f3wna\",\"item\":\"https:\/\/tutornaasap.edu.pl\/\"},{\"@type\":\"ListItem\",\"position\":2,\"name\":\"Cennik\"}]},{\"@type\":\"WebSite\",\"@id\":\"https:\/\/tutornaasap.edu.pl\/#website\",\"url\":\"https:\/\/tutornaasap.edu.pl\/\",\"name\":\"TUTORnaASAP | Angielski Biznesowy Warszawa\",\"description\":\"Korepetycje Angielski Warszawa | TUTORnaASAP Sp. z o.o. | Mazowieckie\",\"publisher\":{\"@id\":\"https:\/\/tutornaasap.edu.pl\/#organization\"},\"potentialAction\":[{\"@type\":\"SearchAction\",\"target\":{\"@type\":\"EntryPoint\",\"urlTemplate\":\"https:\/\/tutornaasap.edu.pl\/?s={search_term_string}\"},\"query-input\":\"required name=search_term_string\"}],\"inLanguage\":\"en-US\"},{\"@type\":\"Organization\",\"@id\":\"https:\/\/tutornaasap.edu.pl\/#organization\",\"name\":\"TutorNaAsap sp. z o.o.\",\"url\":\"https:\/\/tutornaasap.edu.pl\/\",\"logo\":{\"@type\":\"ImageObject\",\"inLanguage\":\"en-US\",\"@id\":\"https:\/\/tutornaasap.edu.pl\/#\/schema\/logo\/image\/\",\"url\":\"https:\/\/tutornaasap.edu.pl\/wp-content\/uploads\/2019\/09\/favicon-tna.png\",\"contentUrl\":\"https:\/\/tutornaasap.edu.pl\/wp-content\/uploads\/2019\/09\/favicon-tna.png\",\"width\":512,\"height\":512,\"caption\":\"TutorNaAsap sp. z o.o.\"},\"image\":{\"@id\":\"https:\/\/tutornaasap.edu.pl\/#\/schema\/logo\/image\/\"}}]}<\/script>\n<!-- \/ Yoast SEO plugin. -->","yoast_head_json":{"title":"Cennik - Kursy Business English ju\u017c od 26z\u0142\/h! | TutorNaAsap","description":"Sprawd\u017a cennik kurs\u00f3w Business English w szkole j\u0119zykowej TutorNaAsap! Cennik zawiera informacj\u0119 o kursach indywidualnych i biznesowych.","robots":{"index":"index","follow":"follow","max-snippet":"max-snippet:-1","max-image-preview":"max-image-preview:large","max-video-preview":"max-video-preview:-1"},"canonical":"https:\/\/tutornaasap.edu.pl\/en\/cennik\/","og_locale":"en_US","og_type":"article","og_title":"Cennik - Kursy Business English ju\u017c od 26z\u0142\/h! | TutorNaAsap","og_description":"Sprawd\u017a cennik kurs\u00f3w Business English w szkole j\u0119zykowej TutorNaAsap! Cennik zawiera informacj\u0119 o kursach indywidualnych i biznesowych.","og_url":"https:\/\/tutornaasap.edu.pl\/en\/cennik\/","og_site_name":"TUTORnaASAP | Angielski Biznesowy Warszawa","article_modified_time":"2025-10-01T06:18:07+00:00","twitter_card":"summary_large_image","twitter_misc":{"Est. reading time":"3 minutes"},"schema":{"@context":"https:\/\/schema.org","@graph":[{"@type":"WebPage","@id":"https:\/\/tutornaasap.edu.pl\/cennik\/","url":"https:\/\/tutornaasap.edu.pl\/cennik\/","name":"Cennik - Kursy Business English ju\u017c od 26z\u0142\/h! | TutorNaAsap","isPartOf":{"@id":"https:\/\/tutornaasap.edu.pl\/#website"},"datePublished":"2019-09-21T15:58:39+00:00","dateModified":"2025-10-01T06:18:07+00:00","description":"Sprawd\u017a cennik kurs\u00f3w Business English w szkole j\u0119zykowej TutorNaAsap! Cennik zawiera informacj\u0119 o kursach indywidualnych i biznesowych.","breadcrumb":{"@id":"https:\/\/tutornaasap.edu.pl\/cennik\/#breadcrumb"},"inLanguage":"en-US","potentialAction":[{"@type":"ReadAction","target":["https:\/\/tutornaasap.edu.pl\/cennik\/"]}]},{"@type":"BreadcrumbList","@id":"https:\/\/tutornaasap.edu.pl\/cennik\/#breadcrumb","itemListElement":[{"@type":"ListItem","position":1,"name":"Strona g\u0142\u00f3wna","item":"https:\/\/tutornaasap.edu.pl\/"},{"@type":"ListItem","position":2,"name":"Cennik"}]},{"@type":"WebSite","@id":"https:\/\/tutornaasap.edu.pl\/#website","url":"https:\/\/tutornaasap.edu.pl\/","name":"TUTORnaASAP | Angielski Biznesowy Warszawa","description":"Korepetycje Angielski Warszawa | TUTORnaASAP Sp. z o.o. | Mazowieckie","publisher":{"@id":"https:\/\/tutornaasap.edu.pl\/#organization"},"potentialAction":[{"@type":"SearchAction","target":{"@type":"EntryPoint","urlTemplate":"https:\/\/tutornaasap.edu.pl\/?s={search_term_string}"},"query-input":"required name=search_term_string"}],"inLanguage":"en-US"},{"@type":"Organization","@id":"https:\/\/tutornaasap.edu.pl\/#organization","name":"TutorNaAsap sp. z o.o.","url":"https:\/\/tutornaasap.edu.pl\/","logo":{"@type":"ImageObject","inLanguage":"en-US","@id":"https:\/\/tutornaasap.edu.pl\/#\/schema\/logo\/image\/","url":"https:\/\/tutornaasap.edu.pl\/wp-content\/uploads\/2019\/09\/favicon-tna.png","contentUrl":"https:\/\/tutornaasap.edu.pl\/wp-content\/uploads\/2019\/09\/favicon-tna.png","width":512,"height":512,"caption":"TutorNaAsap sp. z o.o."},"image":{"@id":"https:\/\/tutornaasap.edu.pl\/#\/schema\/logo\/image\/"}}]}},"_links":{"self":[{"href":"https:\/\/tutornaasap.edu.pl\/en\/wp-json\/wp\/v2\/pages\/284","targetHints":{"allow":["GET"]}}],"collection":[{"href":"https:\/\/tutornaasap.edu.pl\/en\/wp-json\/wp\/v2\/pages"}],"about":[{"href":"https:\/\/tutornaasap.edu.pl\/en\/wp-json\/wp\/v2\/types\/page"}],"author":[{"embeddable":true,"href":"https:\/\/tutornaasap.edu.pl\/en\/wp-json\/wp\/v2\/users\/4"}],"replies":[{"embeddable":true,"href":"https:\/\/tutornaasap.edu.pl\/en\/wp-json\/wp\/v2\/comments?post=284"}],"version-history":[{"count":16,"href":"https:\/\/tutornaasap.edu.pl\/en\/wp-json\/wp\/v2\/pages\/284\/revisions"}],"predecessor-version":[{"id":1029,"href":"https:\/\/tutornaasap.edu.pl\/en\/wp-json\/wp\/v2\/pages\/284\/revisions\/1029"}],"wp:attachment":[{"href":"https:\/\/tutornaasap.edu.pl\/en\/wp-json\/wp\/v2\/media?parent=284"}],"curies":[{"name":"wp","href":"https:\/\/api.w.org\/{rel}","templated":true}]}}