{"id":8,"date":"2019-08-15T09:29:29","date_gmt":"2019-08-15T09:29:29","guid":{"rendered":"http:\/\/www.tutornaasap.pl\/?page_id=8"},"modified":"2019-12-27T10:51:47","modified_gmt":"2019-12-27T10:51:47","slug":"referencje","status":"publish","type":"page","link":"https:\/\/tutornaasap.edu.pl\/en\/referencje\/","title":{"rendered":"Reference"},"content":{"rendered":"<header class=\"header_recomendation\">\n<h1>Our clients appreciate our work<\/h1>\n<\/header>\n<p><main><\/p>\n<div class=\"container\">\n<div class=\"row\">\n<div class=\"col-lg-5 col-md-5 recomendation_item\">\n<div>\n<h3 class=\"recomendation_item_name\">Mateusz Perga\u0142owski<\/h3>\n<p><span class=\"recomendation_item_company_name\"> The Law Office of Advocate Mateusz Per\u0142agowski <\/span><\/p>\n<\/div>\n<p>&#8221; (\u2026) Wszystkie dzia\u0142ania firmy TUTORnaASAP Sp z o.o. oraz zatrudnionych lektor\u00f3w s\u0105 w pe\u0142ni profesjonalne i transparentne. Ka\u017cdy z lektor\u00f3w posiada odpowiednie kwalifikacje i wiedz\u0119 potrzebne do nauki specjalistycznego j\u0119zyka prawniczego.<\/p>\n<p>Przygotowane zaj\u0119cia s\u0105 profesjonalne, merytoryczne, a \u015bwietna atmosfera na zaj\u0119ciach w pe\u0142ni pozwala na produktywn\u0105 nauk\u0119. Lektor obs\u0142uguj\u0105cy, Marcin Suchecki przekazuje wiedz\u0119 w bardzo przyst\u0119pny i ciekawy spos\u00f3b, ilo\u015b\u0107 realizowanych temat\u00f3w koresponduje z Naszymi preferencjami i mo\u017cliwo\u015bciami. Lektor ma bardzo pragmatyczne podej\u015bcie do tematu, co daje nam poczucie, \u017ce czas sp\u0119dzony na zaj\u0119ciach jest w pe\u0142ni wykorzystany<\/p>\n<p>W zwi\u0105zku z powy\u017cszym, mog\u0119 wskaza\u0107, \u017ce Szko\u0142a J\u0119zykowa TUTORnaASAP Sp z o.o. jest instytucj\u0105 godn\u0105 polecenia, jako plac\u00f3wk\u0119 szkoleniow\u0105 pierwszego wyboru wzgl\u0119dem realizacji kurs\u00f3w j\u0119zykowych.&#8221;<\/p>\n<div id=\"collapse\" style=\"display: none;\">\n<p>Sed eleifend lectus id semper accumsan. Sed lobortis id ligula eget blandit. Integer interdum iaculis nunc, sed porttitor magna tincidunt in. Interdum et malesuada fames ac ante ipsum primis in faucibus. Aliquam lobortis accumsan tempor. Aliquam sollicitudin pulvinar est, quis convallis tellus.<\/p>\n<\/div>\n<p><a class=\"nav-toggle\" href=\"#collapse\">Wi\u0119cej<\/a> <button class=\"reference_btn\"> See the reference letter <\/button><\/p>\n<\/div>\n<div class=\"col-lg-5 col-md-5 recomendation_item\">\n<div>\n<h3 class=\"recomendation_item_name\">Mateusz Perga\u0142owski<\/h3>\n<p><span class=\"recomendation_item_company_name\"> The Law Office of Advocate Mateusz Per\u0142agowski <\/span><\/p>\n<\/div>\n<p>&#8221; (\u2026) Wszystkie dzia\u0142ania firmy TUTORnaASAP Sp z o.o. oraz zatrudnionych lektor\u00f3w s\u0105 w pe\u0142ni profesjonalne i transparentne. Ka\u017cdy z lektor\u00f3w posiada odpowiednie kwalifikacje i wiedz\u0119 potrzebne do nauki specjalistycznego j\u0119zyka prawniczego.<\/p>\n<p>Przygotowane zaj\u0119cia s\u0105 profesjonalne, merytoryczne, a \u015bwietna atmosfera na zaj\u0119ciach w pe\u0142ni pozwala na produktywn\u0105 nauk\u0119. Lektor obs\u0142uguj\u0105cy, Marcin Suchecki przekazuje wiedz\u0119 w bardzo przyst\u0119pny i ciekawy spos\u00f3b, ilo\u015b\u0107 realizowanych temat\u00f3w koresponduje z Naszymi preferencjami i mo\u017cliwo\u015bciami. Lektor ma bardzo pragmatyczne podej\u015bcie do tematu, co daje nam poczucie, \u017ce czas sp\u0119dzony na zaj\u0119ciach jest w pe\u0142ni wykorzystany<\/p>\n<p>W zwi\u0105zku z powy\u017cszym, mog\u0119 wskaza\u0107, \u017ce Szko\u0142a J\u0119zykowa TUTORnaASAP Sp z o.o. jest instytucj\u0105 godn\u0105 polecenia, jako plac\u00f3wk\u0119 szkoleniow\u0105 pierwszego wyboru wzgl\u0119dem realizacji kurs\u00f3w j\u0119zykowych.&#8221;<\/p>\n<p><button class=\"reference_btn\"> See the reference letter <\/button><\/p>\n<\/div>\n<\/div>\n<\/div>\n<p><\/main><\/p>","protected":false},"excerpt":{"rendered":"<p>Nasi klienci doceniaj\u0105 nasz\u0105 prac\u0119 Mateusz Perga\u0142owski Kancelaria Adwokacka adwokat Mateusz Per\u0142agowski &#8221; (\u2026) Wszystkie dzia\u0142ania firmy TUTORnaASAP Sp z o.o. oraz zatrudnionych lektor\u00f3w s\u0105 w pe\u0142ni profesjonalne i transparentne. Ka\u017cdy z lektor\u00f3w posiada odpowiednie kwalifikacje i wiedz\u0119 potrzebne do nauki specjalistycznego j\u0119zyka prawniczego. Przygotowane zaj\u0119cia s\u0105 profesjonalne, merytoryczne, a \u015bwietna atmosfera na zaj\u0119ciach w [&hellip;]<\/p>","protected":false},"author":4,"featured_media":0,"parent":0,"menu_order":0,"comment_status":"closed","ping_status":"closed","template":"reference.php","meta":{"_acf_changed":false,"footnotes":""},"class_list":["post-8","page","type-page","status-publish","hentry"],"acf":[],"yoast_head":"<!-- This site is optimized with the Yoast SEO plugin v20.6 - https:\/\/yoast.com\/wordpress\/plugins\/seo\/ -->\n<title>Opinie i Referencje | TUTORnaASAP Angielski Biznesowy<\/title>\n<meta name=\"description\" content=\"Poznaj opinie o TUTORnaASAP! Przeczytaj referencje od naszych partner\u00f3w i klient\u00f3w i dowiedz si\u0119 dlaczego warto nam zaufa\u0107!\" \/>\n<meta name=\"robots\" content=\"index, follow, max-snippet:-1, max-image-preview:large, max-video-preview:-1\" \/>\n<link rel=\"canonical\" href=\"https:\/\/tutornaasap.edu.pl\/en\/referencje\/\" \/>\n<meta property=\"og:locale\" content=\"en_US\" \/>\n<meta property=\"og:type\" content=\"article\" \/>\n<meta property=\"og:title\" content=\"Opinie i Referencje | TUTORnaASAP Angielski Biznesowy\" \/>\n<meta property=\"og:description\" content=\"Poznaj opinie o TUTORnaASAP! Przeczytaj referencje od naszych partner\u00f3w i klient\u00f3w i dowiedz si\u0119 dlaczego warto nam zaufa\u0107!\" \/>\n<meta property=\"og:url\" content=\"https:\/\/tutornaasap.edu.pl\/en\/referencje\/\" \/>\n<meta property=\"og:site_name\" content=\"TUTORnaASAP | Angielski Biznesowy Warszawa\" \/>\n<meta property=\"article:modified_time\" content=\"2019-12-27T10:51:47+00:00\" \/>\n<meta name=\"twitter:card\" content=\"summary_large_image\" \/>\n<meta name=\"twitter:label1\" content=\"Est. reading time\" \/>\n\t<meta name=\"twitter:data1\" content=\"2 minutes\" \/>\n<script type=\"application\/ld+json\" class=\"yoast-schema-graph\">{\"@context\":\"https:\/\/schema.org\",\"@graph\":[{\"@type\":\"WebPage\",\"@id\":\"https:\/\/tutornaasap.edu.pl\/referencje\/\",\"url\":\"https:\/\/tutornaasap.edu.pl\/referencje\/\",\"name\":\"Opinie i Referencje | TUTORnaASAP Angielski Biznesowy\",\"isPartOf\":{\"@id\":\"https:\/\/tutornaasap.edu.pl\/#website\"},\"datePublished\":\"2019-08-15T09:29:29+00:00\",\"dateModified\":\"2019-12-27T10:51:47+00:00\",\"description\":\"Poznaj opinie o TUTORnaASAP! Przeczytaj referencje od naszych partner\u00f3w i klient\u00f3w i dowiedz si\u0119 dlaczego warto nam zaufa\u0107!\",\"breadcrumb\":{\"@id\":\"https:\/\/tutornaasap.edu.pl\/referencje\/#breadcrumb\"},\"inLanguage\":\"en-US\",\"potentialAction\":[{\"@type\":\"ReadAction\",\"target\":[\"https:\/\/tutornaasap.edu.pl\/referencje\/\"]}]},{\"@type\":\"BreadcrumbList\",\"@id\":\"https:\/\/tutornaasap.edu.pl\/referencje\/#breadcrumb\",\"itemListElement\":[{\"@type\":\"ListItem\",\"position\":1,\"name\":\"Strona g\u0142\u00f3wna\",\"item\":\"https:\/\/tutornaasap.edu.pl\/\"},{\"@type\":\"ListItem\",\"position\":2,\"name\":\"Referencje\"}]},{\"@type\":\"WebSite\",\"@id\":\"https:\/\/tutornaasap.edu.pl\/#website\",\"url\":\"https:\/\/tutornaasap.edu.pl\/\",\"name\":\"TUTORnaASAP | Angielski Biznesowy Warszawa\",\"description\":\"Korepetycje Angielski Warszawa | TUTORnaASAP Sp. z o.o. | Mazowieckie\",\"publisher\":{\"@id\":\"https:\/\/tutornaasap.edu.pl\/#organization\"},\"potentialAction\":[{\"@type\":\"SearchAction\",\"target\":{\"@type\":\"EntryPoint\",\"urlTemplate\":\"https:\/\/tutornaasap.edu.pl\/?s={search_term_string}\"},\"query-input\":\"required name=search_term_string\"}],\"inLanguage\":\"en-US\"},{\"@type\":\"Organization\",\"@id\":\"https:\/\/tutornaasap.edu.pl\/#organization\",\"name\":\"TutorNaAsap sp. z o.o.\",\"url\":\"https:\/\/tutornaasap.edu.pl\/\",\"logo\":{\"@type\":\"ImageObject\",\"inLanguage\":\"en-US\",\"@id\":\"https:\/\/tutornaasap.edu.pl\/#\/schema\/logo\/image\/\",\"url\":\"https:\/\/tutornaasap.edu.pl\/wp-content\/uploads\/2019\/09\/favicon-tna.png\",\"contentUrl\":\"https:\/\/tutornaasap.edu.pl\/wp-content\/uploads\/2019\/09\/favicon-tna.png\",\"width\":512,\"height\":512,\"caption\":\"TutorNaAsap sp. z o.o.\"},\"image\":{\"@id\":\"https:\/\/tutornaasap.edu.pl\/#\/schema\/logo\/image\/\"}}]}<\/script>\n<!-- \/ Yoast SEO plugin. -->","yoast_head_json":{"title":"Opinie i Referencje | TUTORnaASAP Angielski Biznesowy","description":"Poznaj opinie o TUTORnaASAP! Przeczytaj referencje od naszych partner\u00f3w i klient\u00f3w i dowiedz si\u0119 dlaczego warto nam zaufa\u0107!","robots":{"index":"index","follow":"follow","max-snippet":"max-snippet:-1","max-image-preview":"max-image-preview:large","max-video-preview":"max-video-preview:-1"},"canonical":"https:\/\/tutornaasap.edu.pl\/en\/referencje\/","og_locale":"en_US","og_type":"article","og_title":"Opinie i Referencje | TUTORnaASAP Angielski Biznesowy","og_description":"Poznaj opinie o TUTORnaASAP! Przeczytaj referencje od naszych partner\u00f3w i klient\u00f3w i dowiedz si\u0119 dlaczego warto nam zaufa\u0107!","og_url":"https:\/\/tutornaasap.edu.pl\/en\/referencje\/","og_site_name":"TUTORnaASAP | Angielski Biznesowy Warszawa","article_modified_time":"2019-12-27T10:51:47+00:00","twitter_card":"summary_large_image","twitter_misc":{"Est. reading time":"2 minutes"},"schema":{"@context":"https:\/\/schema.org","@graph":[{"@type":"WebPage","@id":"https:\/\/tutornaasap.edu.pl\/referencje\/","url":"https:\/\/tutornaasap.edu.pl\/referencje\/","name":"Opinie i Referencje | TUTORnaASAP Angielski Biznesowy","isPartOf":{"@id":"https:\/\/tutornaasap.edu.pl\/#website"},"datePublished":"2019-08-15T09:29:29+00:00","dateModified":"2019-12-27T10:51:47+00:00","description":"Poznaj opinie o TUTORnaASAP! Przeczytaj referencje od naszych partner\u00f3w i klient\u00f3w i dowiedz si\u0119 dlaczego warto nam zaufa\u0107!","breadcrumb":{"@id":"https:\/\/tutornaasap.edu.pl\/referencje\/#breadcrumb"},"inLanguage":"en-US","potentialAction":[{"@type":"ReadAction","target":["https:\/\/tutornaasap.edu.pl\/referencje\/"]}]},{"@type":"BreadcrumbList","@id":"https:\/\/tutornaasap.edu.pl\/referencje\/#breadcrumb","itemListElement":[{"@type":"ListItem","position":1,"name":"Strona g\u0142\u00f3wna","item":"https:\/\/tutornaasap.edu.pl\/"},{"@type":"ListItem","position":2,"name":"Referencje"}]},{"@type":"WebSite","@id":"https:\/\/tutornaasap.edu.pl\/#website","url":"https:\/\/tutornaasap.edu.pl\/","name":"TUTORnaASAP | Angielski Biznesowy Warszawa","description":"Korepetycje Angielski Warszawa | TUTORnaASAP Sp. z o.o. | Mazowieckie","publisher":{"@id":"https:\/\/tutornaasap.edu.pl\/#organization"},"potentialAction":[{"@type":"SearchAction","target":{"@type":"EntryPoint","urlTemplate":"https:\/\/tutornaasap.edu.pl\/?s={search_term_string}"},"query-input":"required name=search_term_string"}],"inLanguage":"en-US"},{"@type":"Organization","@id":"https:\/\/tutornaasap.edu.pl\/#organization","name":"TutorNaAsap sp. z o.o.","url":"https:\/\/tutornaasap.edu.pl\/","logo":{"@type":"ImageObject","inLanguage":"en-US","@id":"https:\/\/tutornaasap.edu.pl\/#\/schema\/logo\/image\/","url":"https:\/\/tutornaasap.edu.pl\/wp-content\/uploads\/2019\/09\/favicon-tna.png","contentUrl":"https:\/\/tutornaasap.edu.pl\/wp-content\/uploads\/2019\/09\/favicon-tna.png","width":512,"height":512,"caption":"TutorNaAsap sp. z o.o."},"image":{"@id":"https:\/\/tutornaasap.edu.pl\/#\/schema\/logo\/image\/"}}]}},"_links":{"self":[{"href":"https:\/\/tutornaasap.edu.pl\/en\/wp-json\/wp\/v2\/pages\/8","targetHints":{"allow":["GET"]}}],"collection":[{"href":"https:\/\/tutornaasap.edu.pl\/en\/wp-json\/wp\/v2\/pages"}],"about":[{"href":"https:\/\/tutornaasap.edu.pl\/en\/wp-json\/wp\/v2\/types\/page"}],"author":[{"embeddable":true,"href":"https:\/\/tutornaasap.edu.pl\/en\/wp-json\/wp\/v2\/users\/4"}],"replies":[{"embeddable":true,"href":"https:\/\/tutornaasap.edu.pl\/en\/wp-json\/wp\/v2\/comments?post=8"}],"version-history":[{"count":12,"href":"https:\/\/tutornaasap.edu.pl\/en\/wp-json\/wp\/v2\/pages\/8\/revisions"}],"predecessor-version":[{"id":275,"href":"https:\/\/tutornaasap.edu.pl\/en\/wp-json\/wp\/v2\/pages\/8\/revisions\/275"}],"wp:attachment":[{"href":"https:\/\/tutornaasap.edu.pl\/en\/wp-json\/wp\/v2\/media?parent=8"}],"curies":[{"name":"wp","href":"https:\/\/api.w.org\/{rel}","templated":true}]}}