{"id":9,"date":"2019-08-15T09:29:29","date_gmt":"2019-08-15T09:29:29","guid":{"rendered":"http:\/\/www.tutornaasap.pl\/?page_id=9"},"modified":"2019-12-27T10:42:18","modified_gmt":"2019-12-27T10:42:18","slug":"kontakt","status":"publish","type":"page","link":"https:\/\/tutornaasap.edu.pl\/en\/kontakt\/","title":{"rendered":"contact"},"content":{"rendered":"<div class=\"wpcf7 no-js\" id=\"wpcf7-f98-o1\" lang=\"pl-PL\" dir=\"ltr\">\n<div class=\"screen-reader-response\"><p role=\"status\" aria-live=\"polite\" aria-atomic=\"true\"><\/p> <ul><\/ul><\/div>\n<form action=\"\/en\/wp-json\/wp\/v2\/pages\/9#wpcf7-f98-o1\" method=\"post\" class=\"wpcf7-form init\" aria-label=\"Formularz kontaktowy\" novalidate=\"novalidate\" data-status=\"init\" data-trp-original-action=\"\/en\/wp-json\/wp\/v2\/pages\/9#wpcf7-f98-o1\">\n<div style=\"display: none;\">\n<input type=\"hidden\" name=\"_wpcf7\" value=\"98\" \/>\n<input type=\"hidden\" name=\"_wpcf7_version\" value=\"5.7.6\" \/>\n<input type=\"hidden\" name=\"_wpcf7_locale\" value=\"pl_PL\" \/>\n<input type=\"hidden\" name=\"_wpcf7_unit_tag\" value=\"wpcf7-f98-o1\" \/>\n<input type=\"hidden\" name=\"_wpcf7_container_post\" value=\"0\" \/>\n<input type=\"hidden\" name=\"_wpcf7_posted_data_hash\" value=\"\" \/>\n<\/div>\n<div class=\"form_col_name\">\n        <label> <span class=\"form_col_name_desc\">Name <\/span>\n            <span class=\"wpcf7-form-control-wrap\" data-name=\"your-name\"><input size=\"40\" class=\"wpcf7-form-control wpcf7-text wpcf7-validates-as-required\" aria-required=\"true\" aria-invalid=\"false\" value=\"\" type=\"text\" name=\"your-name\" \/><\/span> <\/label>\n\n        <label> <span class=\"form_col_name_desc\">Name<\/span>\n            <span class=\"wpcf7-form-control-wrap\" data-name=\"your-surname\"><input size=\"40\" class=\"wpcf7-form-control wpcf7-text wpcf7-validates-as-required\" aria-required=\"true\" aria-invalid=\"false\" value=\"\" type=\"text\" name=\"your-surname\" \/><\/span> <\/label>\n    <\/div>\n        \n    <div class=\"form_col_name\">\n        <label> <span class=\"form_col_name_desc\">E-mail adress<\/span> \n            <span class=\"wpcf7-form-control-wrap\" data-name=\"your-email\"><input size=\"40\" class=\"wpcf7-form-control wpcf7-text wpcf7-email wpcf7-validates-as-required wpcf7-validates-as-email\" aria-required=\"true\" aria-invalid=\"false\" value=\"\" type=\"email\" name=\"your-email\" \/><\/span> <\/label>\n\n        <label> <span class=\"form_col_name_desc\">Phone number<\/span> \n            <span class=\"wpcf7-form-control-wrap\" data-name=\"your-telephone\"><input class=\"wpcf7-form-control wpcf7-number wpcf7-validates-as-required wpcf7-validates-as-number\" aria-required=\"true\" aria-invalid=\"false\" placeholder=\"Phone number\" value=\"\" type=\"number\" name=\"your-telephone\" \/><\/span> <\/label>\n    <\/div>\n    <div class=\"form_col_name_select\">\n        <label> <span class=\"form_col_name_desc\">Preferred course<\/span>\n            <span class=\"wpcf7-form-control-wrap\" data-name=\"your-course\"><select class=\"wpcf7-form-control wpcf7-select\" aria-invalid=\"false\" name=\"your-course\"><option value=\"GENERAL\">GENERAL<\/option><option value=\"BUSINESS\">BUSINESS<\/option><option value=\"MIX\">MIX<\/option><option value=\"CONVERSATIONAL\">CONVERSATIONAL<\/option><option value=\"LEGAL\">LEGAL<\/option><\/select><\/span> <\/label>\n    <\/div>\n    <div class=\"form_col_name radio_btn\">\n        <span class=\"wpcf7-form-control-wrap\" data-name=\"your-company\"><span class=\"wpcf7-form-control wpcf7-radio\"><span class=\"wpcf7-list-item first\"><input type=\"radio\" name=\"your-company\" value=\"Firma\" \/><span class=\"wpcf7-list-item-label\">Business<\/span><\/span><span class=\"wpcf7-list-item last\"><input type=\"radio\" name=\"your-company\" value=\"Osoba prywatna\" \/><span class=\"wpcf7-list-item-label\">Private person<\/span><\/span><\/span><\/span>\n    <\/div>\n    <div class=\"form_col_name\">\n        [wpgdprc \"Administratorem Pa\u0144stwa danych osobowych przesy\u0142anych za po\u015brednictwem strony internetowej jest TUTORnaASAP Sp. z o.o. z siedzib\u0105 w Warszawie. Wi\u0119cej informacji o zasadach przetwarzania danych osobowych znajdziecie Pa\u0144stwo w naszej Polityce prywatno\u015bci\"]\n\n<input class=\"wpcf7-form-control has-spinner wpcf7-submit\" type=\"submit\" value=\"Send a contact request\" \/>\n    <\/div>\n<p>or <a href=\"#\" data-toggle=\"modal\" data-target=\"#openContact\"><u>call now<\/u><\/a><\/p><input type='hidden' class='wpcf7-pum' value='{\"closepopup\":false,\"closedelay\":0,\"openpopup\":false,\"openpopup_id\":0}' \/><div class=\"wpcf7-response-output\" aria-hidden=\"true\"><\/div>\n<input type=\"hidden\" name=\"trp-form-language\" value=\"en\"\/><\/form>\n<\/div>","protected":false},"excerpt":{"rendered":"","protected":false},"author":4,"featured_media":0,"parent":0,"menu_order":0,"comment_status":"closed","ping_status":"closed","template":"contact.php","meta":{"_acf_changed":false,"footnotes":""},"class_list":["post-9","page","type-page","status-publish","hentry"],"acf":[],"yoast_head":"<!-- This site is optimized with the Yoast SEO plugin v20.6 - https:\/\/yoast.com\/wordpress\/plugins\/seo\/ -->\n<title>Kontakt - TUTORnaASAP | Angielski Biznesowy Warszawa<\/title>\n<meta name=\"description\" content=\"Kontakt do szko\u0142y j\u0119zykowej TUTORnaASAP. Wype\u0142nij formularz kontaktowy lub skontaktuj si\u0119 telefonicznie pod numerem 727 770 850.\" \/>\n<meta name=\"robots\" content=\"index, follow, max-snippet:-1, max-image-preview:large, max-video-preview:-1\" \/>\n<link rel=\"canonical\" href=\"https:\/\/tutornaasap.edu.pl\/en\/kontakt\/\" \/>\n<meta property=\"og:locale\" content=\"en_US\" \/>\n<meta property=\"og:type\" content=\"article\" \/>\n<meta property=\"og:title\" content=\"Kontakt - TUTORnaASAP | Angielski Biznesowy Warszawa\" \/>\n<meta property=\"og:description\" content=\"Kontakt do szko\u0142y j\u0119zykowej TUTORnaASAP. Wype\u0142nij formularz kontaktowy lub skontaktuj si\u0119 telefonicznie pod numerem 727 770 850.\" \/>\n<meta property=\"og:url\" content=\"https:\/\/tutornaasap.edu.pl\/en\/kontakt\/\" \/>\n<meta property=\"og:site_name\" content=\"TUTORnaASAP | Angielski Biznesowy Warszawa\" \/>\n<meta property=\"article:modified_time\" content=\"2019-12-27T10:42:18+00:00\" \/>\n<meta name=\"twitter:card\" content=\"summary_large_image\" \/>\n<script type=\"application\/ld+json\" class=\"yoast-schema-graph\">{\"@context\":\"https:\/\/schema.org\",\"@graph\":[{\"@type\":\"WebPage\",\"@id\":\"https:\/\/tutornaasap.edu.pl\/kontakt\/\",\"url\":\"https:\/\/tutornaasap.edu.pl\/kontakt\/\",\"name\":\"Kontakt - TUTORnaASAP | Angielski Biznesowy Warszawa\",\"isPartOf\":{\"@id\":\"https:\/\/tutornaasap.edu.pl\/#website\"},\"datePublished\":\"2019-08-15T09:29:29+00:00\",\"dateModified\":\"2019-12-27T10:42:18+00:00\",\"description\":\"Kontakt do szko\u0142y j\u0119zykowej TUTORnaASAP. Wype\u0142nij formularz kontaktowy lub skontaktuj si\u0119 telefonicznie pod numerem 727 770 850.\",\"breadcrumb\":{\"@id\":\"https:\/\/tutornaasap.edu.pl\/kontakt\/#breadcrumb\"},\"inLanguage\":\"en-US\",\"potentialAction\":[{\"@type\":\"ReadAction\",\"target\":[\"https:\/\/tutornaasap.edu.pl\/kontakt\/\"]}]},{\"@type\":\"BreadcrumbList\",\"@id\":\"https:\/\/tutornaasap.edu.pl\/kontakt\/#breadcrumb\",\"itemListElement\":[{\"@type\":\"ListItem\",\"position\":1,\"name\":\"Strona g\u0142\u00f3wna\",\"item\":\"https:\/\/tutornaasap.edu.pl\/\"},{\"@type\":\"ListItem\",\"position\":2,\"name\":\"Kontakt\"}]},{\"@type\":\"WebSite\",\"@id\":\"https:\/\/tutornaasap.edu.pl\/#website\",\"url\":\"https:\/\/tutornaasap.edu.pl\/\",\"name\":\"TUTORnaASAP | Angielski Biznesowy Warszawa\",\"description\":\"Korepetycje Angielski Warszawa | TUTORnaASAP Sp. z o.o. | Mazowieckie\",\"publisher\":{\"@id\":\"https:\/\/tutornaasap.edu.pl\/#organization\"},\"potentialAction\":[{\"@type\":\"SearchAction\",\"target\":{\"@type\":\"EntryPoint\",\"urlTemplate\":\"https:\/\/tutornaasap.edu.pl\/?s={search_term_string}\"},\"query-input\":\"required name=search_term_string\"}],\"inLanguage\":\"en-US\"},{\"@type\":\"Organization\",\"@id\":\"https:\/\/tutornaasap.edu.pl\/#organization\",\"name\":\"TutorNaAsap sp. z o.o.\",\"url\":\"https:\/\/tutornaasap.edu.pl\/\",\"logo\":{\"@type\":\"ImageObject\",\"inLanguage\":\"en-US\",\"@id\":\"https:\/\/tutornaasap.edu.pl\/#\/schema\/logo\/image\/\",\"url\":\"https:\/\/tutornaasap.edu.pl\/wp-content\/uploads\/2019\/09\/favicon-tna.png\",\"contentUrl\":\"https:\/\/tutornaasap.edu.pl\/wp-content\/uploads\/2019\/09\/favicon-tna.png\",\"width\":512,\"height\":512,\"caption\":\"TutorNaAsap sp. z o.o.\"},\"image\":{\"@id\":\"https:\/\/tutornaasap.edu.pl\/#\/schema\/logo\/image\/\"}}]}<\/script>\n<!-- \/ Yoast SEO plugin. -->","yoast_head_json":{"title":"Kontakt - TUTORnaASAP | Angielski Biznesowy Warszawa","description":"Kontakt do szko\u0142y j\u0119zykowej TUTORnaASAP. Wype\u0142nij formularz kontaktowy lub skontaktuj si\u0119 telefonicznie pod numerem 727 770 850.","robots":{"index":"index","follow":"follow","max-snippet":"max-snippet:-1","max-image-preview":"max-image-preview:large","max-video-preview":"max-video-preview:-1"},"canonical":"https:\/\/tutornaasap.edu.pl\/en\/kontakt\/","og_locale":"en_US","og_type":"article","og_title":"Kontakt - TUTORnaASAP | Angielski Biznesowy Warszawa","og_description":"Kontakt do szko\u0142y j\u0119zykowej TUTORnaASAP. Wype\u0142nij formularz kontaktowy lub skontaktuj si\u0119 telefonicznie pod numerem 727 770 850.","og_url":"https:\/\/tutornaasap.edu.pl\/en\/kontakt\/","og_site_name":"TUTORnaASAP | Angielski Biznesowy Warszawa","article_modified_time":"2019-12-27T10:42:18+00:00","twitter_card":"summary_large_image","schema":{"@context":"https:\/\/schema.org","@graph":[{"@type":"WebPage","@id":"https:\/\/tutornaasap.edu.pl\/kontakt\/","url":"https:\/\/tutornaasap.edu.pl\/kontakt\/","name":"Kontakt - TUTORnaASAP | Angielski Biznesowy Warszawa","isPartOf":{"@id":"https:\/\/tutornaasap.edu.pl\/#website"},"datePublished":"2019-08-15T09:29:29+00:00","dateModified":"2019-12-27T10:42:18+00:00","description":"Kontakt do szko\u0142y j\u0119zykowej TUTORnaASAP. Wype\u0142nij formularz kontaktowy lub skontaktuj si\u0119 telefonicznie pod numerem 727 770 850.","breadcrumb":{"@id":"https:\/\/tutornaasap.edu.pl\/kontakt\/#breadcrumb"},"inLanguage":"en-US","potentialAction":[{"@type":"ReadAction","target":["https:\/\/tutornaasap.edu.pl\/kontakt\/"]}]},{"@type":"BreadcrumbList","@id":"https:\/\/tutornaasap.edu.pl\/kontakt\/#breadcrumb","itemListElement":[{"@type":"ListItem","position":1,"name":"Strona g\u0142\u00f3wna","item":"https:\/\/tutornaasap.edu.pl\/"},{"@type":"ListItem","position":2,"name":"Kontakt"}]},{"@type":"WebSite","@id":"https:\/\/tutornaasap.edu.pl\/#website","url":"https:\/\/tutornaasap.edu.pl\/","name":"TUTORnaASAP | Angielski Biznesowy Warszawa","description":"Korepetycje Angielski Warszawa | TUTORnaASAP Sp. z o.o. | Mazowieckie","publisher":{"@id":"https:\/\/tutornaasap.edu.pl\/#organization"},"potentialAction":[{"@type":"SearchAction","target":{"@type":"EntryPoint","urlTemplate":"https:\/\/tutornaasap.edu.pl\/?s={search_term_string}"},"query-input":"required name=search_term_string"}],"inLanguage":"en-US"},{"@type":"Organization","@id":"https:\/\/tutornaasap.edu.pl\/#organization","name":"TutorNaAsap sp. z o.o.","url":"https:\/\/tutornaasap.edu.pl\/","logo":{"@type":"ImageObject","inLanguage":"en-US","@id":"https:\/\/tutornaasap.edu.pl\/#\/schema\/logo\/image\/","url":"https:\/\/tutornaasap.edu.pl\/wp-content\/uploads\/2019\/09\/favicon-tna.png","contentUrl":"https:\/\/tutornaasap.edu.pl\/wp-content\/uploads\/2019\/09\/favicon-tna.png","width":512,"height":512,"caption":"TutorNaAsap sp. z o.o."},"image":{"@id":"https:\/\/tutornaasap.edu.pl\/#\/schema\/logo\/image\/"}}]}},"_links":{"self":[{"href":"https:\/\/tutornaasap.edu.pl\/en\/wp-json\/wp\/v2\/pages\/9","targetHints":{"allow":["GET"]}}],"collection":[{"href":"https:\/\/tutornaasap.edu.pl\/en\/wp-json\/wp\/v2\/pages"}],"about":[{"href":"https:\/\/tutornaasap.edu.pl\/en\/wp-json\/wp\/v2\/types\/page"}],"author":[{"embeddable":true,"href":"https:\/\/tutornaasap.edu.pl\/en\/wp-json\/wp\/v2\/users\/4"}],"replies":[{"embeddable":true,"href":"https:\/\/tutornaasap.edu.pl\/en\/wp-json\/wp\/v2\/comments?post=9"}],"version-history":[{"count":12,"href":"https:\/\/tutornaasap.edu.pl\/en\/wp-json\/wp\/v2\/pages\/9\/revisions"}],"predecessor-version":[{"id":429,"href":"https:\/\/tutornaasap.edu.pl\/en\/wp-json\/wp\/v2\/pages\/9\/revisions\/429"}],"wp:attachment":[{"href":"https:\/\/tutornaasap.edu.pl\/en\/wp-json\/wp\/v2\/media?parent=9"}],"curies":[{"name":"wp","href":"https:\/\/api.w.org\/{rel}","templated":true}]}}